{"id":2767,"date":"2021-08-17T12:44:47","date_gmt":"2021-08-17T10:44:47","guid":{"rendered":"https:\/\/beyond.saskianiehaus.de\/?post_type=product&#038;p=2767"},"modified":"2022-08-16T21:10:37","modified_gmt":"2022-08-16T19:10:37","slug":"postkarten-bildzyklus-circles","status":"publish","type":"product","link":"https:\/\/beyond.saskianiehaus.de\/en\/product\/postkarten-bildzyklus-circles\/","title":{"rendered":"<p>Postkarten Bildzyklus &bdquo;cycles&ldquo; (5er Pack)<\/p>"},"content":{"rendered":"","protected":false},"excerpt":{"rendered":"<h4>\n10.00 ?<br>\n<p>&nbsp;<br>\nMein Bildzyklus &bdquo;cycles&ldquo; ist begleitend zum gleichnamigen f&uuml;nft&auml;gigen 5-Rhythmen-Tanz-Workshop bei Jonathan Horan, New York enstanden, welcher im November 2015 in der Wachsfabrik K&ouml;ln stattfand. Die gro&szlig;formatigen Arbeiten hingen an der Wand des komplett schwarzen Raumes und inspirierten die Tanzenden in die Bewegung ihrer pers&ouml;nlichen Geschichte einzutauchen.<br>\n&nbsp;<\/p><div class=\"elementor-element elementor-element-3f6975e elementor-widget elementor-widget-bridge_button\" data-id=\"3f6975e\" data-element_type=\"widget\" data-widget_type=\"bridge_button.default\">\n<div class=\"elementor-widget-container\"><a class=\"qbutton default\" href=\"\/en\/saskianiehaus.de\/kontakt\/\" target=\"_self\" rel=\"noopener\">Anfragen<\/a><\/div>\n<\/div><\/h4>","protected":false},"featured_media":2909,"template":"","meta":[],"product_cat":[28],"product_tag":[],"yoast_head":"<!-- This site is optimized with the Yoast SEO plugin v16.7 - https:\/\/yoast.com\/wordpress\/plugins\/seo\/ -->\n<title>Postkarten Bildzyklus &quot;cycles&quot; (5er Pack) - beyond Saskia Niehaus<\/title>\n<meta name=\"robots\" content=\"index, follow, max-snippet:-1, max-image-preview:large, max-video-preview:-1\" \/>\n<link rel=\"canonical\" href=\"https:\/\/beyond.saskianiehaus.de\/en\/product\/postkarten-bildzyklus-circles\/\" \/>\n<meta property=\"og:locale\" content=\"en_GB\" \/>\n<meta property=\"og:type\" content=\"article\" \/>\n<meta property=\"og:title\" content=\"Postkarten Bildzyklus &quot;cycles&quot; (5er Pack) - beyond Saskia Niehaus\" \/>\n<meta property=\"og:description\" content=\"10.00 \u20ac  &nbsp; Mein Bildzyklus &quot;cycles&quot; ist begleitend zum gleichnamigen f\u00fcnft\u00e4gigen 5-Rhythmen-Tanz-Workshop bei Jonathan Horan, New York enstanden, welcher im November 2015 in der Wachsfabrik K\u00f6ln stattfand. Die gro\u00dfformatigen Arbeiten hingen an der Wand des komplett schwarzen Raumes und inspirierten die Tanzenden in die Bewegung ihrer pers\u00f6nlichen Geschichte einzutauchen. &nbsp;  Anfragen\" \/>\n<meta property=\"og:url\" content=\"https:\/\/beyond.saskianiehaus.de\/en\/product\/postkarten-bildzyklus-circles\/\" \/>\n<meta property=\"og:site_name\" content=\"beyond Saskia Niehaus\" \/>\n<meta property=\"article:modified_time\" content=\"2022-08-16T19:10:37+00:00\" \/>\n<meta property=\"og:image\" content=\"https:\/\/beyond.saskianiehaus.de\/wp-content\/uploads\/2021\/08\/cycles_titelbild-1.jpg\" \/>\n\t<meta property=\"og:image:width\" content=\"973\" \/>\n\t<meta property=\"og:image:height\" content=\"690\" \/>\n<meta name=\"twitter:card\" content=\"summary_large_image\" \/>\n<script type=\"application\/ld+json\" class=\"yoast-schema-graph\">{\"@context\":\"https:\/\/schema.org\",\"@graph\":[{\"@type\":[\"Person\",\"Organization\"],\"@id\":\"https:\/\/beyond.saskianiehaus.de\/#\/schema\/person\/c7575bfe0b4b8471edd8595e2fb67d7a\",\"name\":\"Saskia\",\"image\":{\"@type\":\"ImageObject\",\"@id\":\"https:\/\/beyond.saskianiehaus.de\/#personlogo\",\"inLanguage\":\"en-GB\",\"url\":\"https:\/\/secure.gravatar.com\/avatar\/a2aab6e979c8c11c75072eba97984c54?s=96&d=mm&r=g\",\"contentUrl\":\"https:\/\/secure.gravatar.com\/avatar\/a2aab6e979c8c11c75072eba97984c54?s=96&d=mm&r=g\",\"caption\":\"Saskia\"},\"logo\":{\"@id\":\"https:\/\/beyond.saskianiehaus.de\/#personlogo\"}},{\"@type\":\"WebSite\",\"@id\":\"https:\/\/beyond.saskianiehaus.de\/#website\",\"url\":\"https:\/\/beyond.saskianiehaus.de\/\",\"name\":\"beyond Saskia Niehaus\",\"description\":\"Lehrangebote, Momentogramme (situative Portraitssitzungen) und Editionen von Saskia Niehaus.\",\"publisher\":{\"@id\":\"https:\/\/beyond.saskianiehaus.de\/#\/schema\/person\/c7575bfe0b4b8471edd8595e2fb67d7a\"},\"potentialAction\":[{\"@type\":\"SearchAction\",\"target\":{\"@type\":\"EntryPoint\",\"urlTemplate\":\"https:\/\/beyond.saskianiehaus.de\/?s={search_term_string}\"},\"query-input\":\"required name=search_term_string\"}],\"inLanguage\":\"en-GB\"},{\"@type\":\"ImageObject\",\"@id\":\"https:\/\/beyond.saskianiehaus.de\/produkt\/postkarten-bildzyklus-circles\/#primaryimage\",\"inLanguage\":\"en-GB\",\"url\":\"https:\/\/beyond.saskianiehaus.de\/wp-content\/uploads\/2021\/08\/cycles_titelbild-1.jpg\",\"contentUrl\":\"https:\/\/beyond.saskianiehaus.de\/wp-content\/uploads\/2021\/08\/cycles_titelbild-1.jpg\",\"width\":973,\"height\":690},{\"@type\":\"WebPage\",\"@id\":\"https:\/\/beyond.saskianiehaus.de\/produkt\/postkarten-bildzyklus-circles\/#webpage\",\"url\":\"https:\/\/beyond.saskianiehaus.de\/produkt\/postkarten-bildzyklus-circles\/\",\"name\":\"Postkarten Bildzyklus \\\"cycles\\\" (5er Pack) - beyond Saskia Niehaus\",\"isPartOf\":{\"@id\":\"https:\/\/beyond.saskianiehaus.de\/#website\"},\"primaryImageOfPage\":{\"@id\":\"https:\/\/beyond.saskianiehaus.de\/produkt\/postkarten-bildzyklus-circles\/#primaryimage\"},\"datePublished\":\"2021-08-17T10:44:47+00:00\",\"dateModified\":\"2022-08-16T19:10:37+00:00\",\"breadcrumb\":{\"@id\":\"https:\/\/beyond.saskianiehaus.de\/produkt\/postkarten-bildzyklus-circles\/#breadcrumb\"},\"inLanguage\":\"en-GB\",\"potentialAction\":[{\"@type\":\"ReadAction\",\"target\":[\"https:\/\/beyond.saskianiehaus.de\/produkt\/postkarten-bildzyklus-circles\/\"]}]},{\"@type\":\"BreadcrumbList\",\"@id\":\"https:\/\/beyond.saskianiehaus.de\/produkt\/postkarten-bildzyklus-circles\/#breadcrumb\",\"itemListElement\":[{\"@type\":\"ListItem\",\"position\":1,\"name\":\"Beyond Saskia Niehaus\",\"item\":\"https:\/\/beyond.saskianiehaus.de\/\"},{\"@type\":\"ListItem\",\"position\":2,\"name\":\"Shop\",\"item\":\"https:\/\/beyond.saskianiehaus.de\/shop\/\"},{\"@type\":\"ListItem\",\"position\":3,\"name\":\"Postkarten Bildzyklus &#8222;cycles&#8220; (5er Pack)\"}]}]}<\/script>\n<!-- \/ Yoast SEO plugin. -->","yoast_head_json":{"title":"Postkarten Bildzyklus \"cycles\" (5er Pack) - beyond Saskia Niehaus","robots":{"index":"index","follow":"follow","max-snippet":"max-snippet:-1","max-image-preview":"max-image-preview:large","max-video-preview":"max-video-preview:-1"},"canonical":"https:\/\/beyond.saskianiehaus.de\/en\/product\/postkarten-bildzyklus-circles\/","og_locale":"en_GB","og_type":"article","og_title":"Postkarten Bildzyklus \"cycles\" (5er Pack) - beyond Saskia Niehaus","og_description":"10.00 \u20ac  &nbsp; Mein Bildzyklus \"cycles\" ist begleitend zum gleichnamigen f\u00fcnft\u00e4gigen 5-Rhythmen-Tanz-Workshop bei Jonathan Horan, New York enstanden, welcher im November 2015 in der Wachsfabrik K\u00f6ln stattfand. Die gro\u00dfformatigen Arbeiten hingen an der Wand des komplett schwarzen Raumes und inspirierten die Tanzenden in die Bewegung ihrer pers\u00f6nlichen Geschichte einzutauchen. &nbsp;  Anfragen","og_url":"https:\/\/beyond.saskianiehaus.de\/en\/product\/postkarten-bildzyklus-circles\/","og_site_name":"beyond Saskia Niehaus","article_modified_time":"2022-08-16T19:10:37+00:00","og_image":[{"width":973,"height":690,"url":"https:\/\/beyond.saskianiehaus.de\/wp-content\/uploads\/2021\/08\/cycles_titelbild-1.jpg","path":"\/www\/htdocs\/w008f4fc\/beyond.saskianiehaus.de\/wp-content\/uploads\/2021\/08\/cycles_titelbild-1.jpg","size":"full","id":2909,"alt":"","pixels":671370,"type":"image\/jpeg"}],"twitter_card":"summary_large_image","schema":{"@context":"https:\/\/schema.org","@graph":[{"@type":["Person","Organization"],"@id":"https:\/\/beyond.saskianiehaus.de\/#\/schema\/person\/c7575bfe0b4b8471edd8595e2fb67d7a","name":"Saskia","image":{"@type":"ImageObject","@id":"https:\/\/beyond.saskianiehaus.de\/#personlogo","inLanguage":"en-GB","url":"https:\/\/secure.gravatar.com\/avatar\/a2aab6e979c8c11c75072eba97984c54?s=96&d=mm&r=g","contentUrl":"https:\/\/secure.gravatar.com\/avatar\/a2aab6e979c8c11c75072eba97984c54?s=96&d=mm&r=g","caption":"Saskia"},"logo":{"@id":"https:\/\/beyond.saskianiehaus.de\/#personlogo"}},{"@type":"WebSite","@id":"https:\/\/beyond.saskianiehaus.de\/#website","url":"https:\/\/beyond.saskianiehaus.de\/","name":"beyond Saskia Niehaus","description":"Lehrangebote, Momentogramme (situative Portraitssitzungen) und Editionen von Saskia Niehaus.","publisher":{"@id":"https:\/\/beyond.saskianiehaus.de\/#\/schema\/person\/c7575bfe0b4b8471edd8595e2fb67d7a"},"potentialAction":[{"@type":"SearchAction","target":{"@type":"EntryPoint","urlTemplate":"https:\/\/beyond.saskianiehaus.de\/?s={search_term_string}"},"query-input":"required name=search_term_string"}],"inLanguage":"en-GB"},{"@type":"ImageObject","@id":"https:\/\/beyond.saskianiehaus.de\/produkt\/postkarten-bildzyklus-circles\/#primaryimage","inLanguage":"en-GB","url":"https:\/\/beyond.saskianiehaus.de\/wp-content\/uploads\/2021\/08\/cycles_titelbild-1.jpg","contentUrl":"https:\/\/beyond.saskianiehaus.de\/wp-content\/uploads\/2021\/08\/cycles_titelbild-1.jpg","width":973,"height":690},{"@type":"WebPage","@id":"https:\/\/beyond.saskianiehaus.de\/produkt\/postkarten-bildzyklus-circles\/#webpage","url":"https:\/\/beyond.saskianiehaus.de\/produkt\/postkarten-bildzyklus-circles\/","name":"Postkarten Bildzyklus \"cycles\" (5er Pack) - beyond Saskia Niehaus","isPartOf":{"@id":"https:\/\/beyond.saskianiehaus.de\/#website"},"primaryImageOfPage":{"@id":"https:\/\/beyond.saskianiehaus.de\/produkt\/postkarten-bildzyklus-circles\/#primaryimage"},"datePublished":"2021-08-17T10:44:47+00:00","dateModified":"2022-08-16T19:10:37+00:00","breadcrumb":{"@id":"https:\/\/beyond.saskianiehaus.de\/produkt\/postkarten-bildzyklus-circles\/#breadcrumb"},"inLanguage":"en-GB","potentialAction":[{"@type":"ReadAction","target":["https:\/\/beyond.saskianiehaus.de\/produkt\/postkarten-bildzyklus-circles\/"]}]},{"@type":"BreadcrumbList","@id":"https:\/\/beyond.saskianiehaus.de\/produkt\/postkarten-bildzyklus-circles\/#breadcrumb","itemListElement":[{"@type":"ListItem","position":1,"name":"Beyond Saskia Niehaus","item":"https:\/\/beyond.saskianiehaus.de\/"},{"@type":"ListItem","position":2,"name":"Shop","item":"https:\/\/beyond.saskianiehaus.de\/shop\/"},{"@type":"ListItem","position":3,"name":"Postkarten Bildzyklus &#8222;cycles&#8220; (5er Pack)"}]}]}},"_links":{"self":[{"href":"https:\/\/beyond.saskianiehaus.de\/en\/wp-json\/wp\/v2\/product\/2767"}],"collection":[{"href":"https:\/\/beyond.saskianiehaus.de\/en\/wp-json\/wp\/v2\/product"}],"about":[{"href":"https:\/\/beyond.saskianiehaus.de\/en\/wp-json\/wp\/v2\/types\/product"}],"wp:featuredmedia":[{"embeddable":true,"href":"https:\/\/beyond.saskianiehaus.de\/en\/wp-json\/wp\/v2\/media\/2909"}],"wp:attachment":[{"href":"https:\/\/beyond.saskianiehaus.de\/en\/wp-json\/wp\/v2\/media?parent=2767"}],"wp:term":[{"taxonomy":"product_cat","embeddable":true,"href":"https:\/\/beyond.saskianiehaus.de\/en\/wp-json\/wp\/v2\/product_cat?post=2767"},{"taxonomy":"product_tag","embeddable":true,"href":"https:\/\/beyond.saskianiehaus.de\/en\/wp-json\/wp\/v2\/product_tag?post=2767"}],"curies":[{"name":"wp","href":"https:\/\/api.w.org\/{rel}","templated":true}]}}